{"id":742,"date":"2012-10-01T15:49:46","date_gmt":"2012-10-01T13:49:46","guid":{"rendered":"http:\/\/www.anglista.edu.pl\/?page_id=742"},"modified":"2017-04-08T19:23:04","modified_gmt":"2017-04-08T17:23:04","slug":"forum","status":"publish","type":"page","link":"https:\/\/www.anglista.edu.pl\/?page_id=742","title":{"rendered":"Programy"},"content":{"rendered":"<p>Poni\u017csze pliki to autonomiczne, oryginalne programy komputerowe napisane przez student\u00f3w informatyki Wydzia\u0142u Mechanicznego Politechniki Krakowskiej w ramach projektu na zaj\u0119ciach lektoratowych z j\u0119zyka angielskiego.<\/p>\n<table width=\"600\">\n<tbody>\n<tr>\n<td><iframe loading=\"lazy\" src=\"https:\/\/app.box.com\/embed\/preview\/gd7oyg7e6sstm6pqggm6s6wsyx0zj8k1?direction=ASC&amp;theme=light\" width=\"330\" height=\"400\" frameborder=\"0\" allowfullscreen=\"allowfullscreen\"> <\/iframe><\/td>\n<td><a title=\"English Quiz\" href=\"https:\/\/app.box.com\/s\/gd7oyg7e6sstm6pqggm6s6wsyx0zj8k1\" target=\"_blank\"><em>English Quiz<\/em><\/a>\u00a0&#8211; \u00a0Prosty interfejs napisany w C#, \u0107wicz\u0105cy znajomo\u015b\u0107 s\u0142ownictwa informatycznego i matematycznego przy pomocy pyta\u0144 prawda \/ fa\u0142sz i na dopasowywanie, z mo\u017cliwo\u015bci\u0105 dodawania w\u0142asnych pyta\u0144. Autorem programu jest Oskar Strzelecki.<\/p>\n<div align=\"center\"><\/div>\n<\/td>\n<\/tr>\n<tr>\n<td><iframe loading=\"lazy\" src=\"https:\/\/app.box.com\/embed\/preview\/a3ewxll2zcho8p6iz6uq?direction=ASC&amp;theme=light\" width=\"330\" height=\"400\" frameborder=\"0\" allowfullscreen=\"allowfullscreen\"> <\/iframe><\/td>\n<td><a title=\"Hangman\" href=\"https:\/\/app.box.com\/s\/a3ewxll2zcho8p6iz6uq\" target=\"_blank\"><em>Hangman<\/em><\/a>\u00a0&#8211; \u00a0klasyczny wisielec z dwoma wersjami interfejsu, umo\u017cliwiaj\u0105cy zabaw\u0119 ze s\u0142ownictwem podzielonym na r\u00f3\u017cne kategorie, m. in. s\u0142ownictwem komputerowym, internetowym i programistycznym. Autorem programu jest Marcin St\u0119pie\u0144.<\/td>\n<\/tr>\n<tr>\n<td><a href=\"http:\/\/www.mattkobosko.pl\" target=\"_blank\">OutLoud!<\/a><\/td>\n<td><a href=\"http:\/\/www.mattkobosko.pl\" target=\"_blank\">OutLoud!<\/a><\/a>\u00a0&#8211; Do\u015b\u0107 wczesna, deweloperska wersja projektu, ale &#8211; gdybym m\u00f3g\u0142 &#8211; adoptowa\u0142bym autora na syna. Jestem z niego dumny i wierz\u0119, \u017ce to b\u0119dzie rewolucyjny projekt na programistycznym rynku. Polecam. Autorem projektu jest Marcin Miazga.<\/td>\n<\/tr>\n<\/tbody>\n<\/table>\n","protected":false},"excerpt":{"rendered":"<p>Poni\u017csze pliki to autonomiczne, oryginalne programy komputerowe napisane przez student\u00f3w informatyki Wydzia\u0142u Mechanicznego Politechniki Krakowskiej w ramach projektu na zaj\u0119ciach lektoratowych z j\u0119zyka angielskiego. English Quiz\u00a0&#8211; \u00a0Prosty interfejs napisany w C#, \u0107wicz\u0105cy znajomo\u015b\u0107 s\u0142ownictwa informatycznego i matematycznego przy pomocy pyta\u0144 prawda \/ fa\u0142sz i na dopasowywanie, z mo\u017cliwo\u015bci\u0105 dodawania w\u0142asnych pyta\u0144. Autorem programu jest Oskar&hellip; <a class=\"more-link\" href=\"https:\/\/www.anglista.edu.pl\/?page_id=742\">Czytaj dalej <span class=\"screen-reader-text\">Programy<\/span><\/a><\/p>\n","protected":false},"author":1,"featured_media":0,"parent":0,"menu_order":0,"comment_status":"open","ping_status":"open","template":"","meta":{"_crdt_document":"","footnotes":""},"class_list":["post-742","page","type-page","status-publish","hentry","entry"],"_links":{"self":[{"href":"https:\/\/www.anglista.edu.pl\/index.php?rest_route=\/wp\/v2\/pages\/742","targetHints":{"allow":["GET"]}}],"collection":[{"href":"https:\/\/www.anglista.edu.pl\/index.php?rest_route=\/wp\/v2\/pages"}],"about":[{"href":"https:\/\/www.anglista.edu.pl\/index.php?rest_route=\/wp\/v2\/types\/page"}],"author":[{"embeddable":true,"href":"https:\/\/www.anglista.edu.pl\/index.php?rest_route=\/wp\/v2\/users\/1"}],"replies":[{"embeddable":true,"href":"https:\/\/www.anglista.edu.pl\/index.php?rest_route=%2Fwp%2Fv2%2Fcomments&post=742"}],"version-history":[{"count":0,"href":"https:\/\/www.anglista.edu.pl\/index.php?rest_route=\/wp\/v2\/pages\/742\/revisions"}],"wp:attachment":[{"href":"https:\/\/www.anglista.edu.pl\/index.php?rest_route=%2Fwp%2Fv2%2Fmedia&parent=742"}],"curies":[{"name":"wp","href":"https:\/\/api.w.org\/{rel}","templated":true}]}}