{"id":2989,"date":"2016-08-12T23:58:44","date_gmt":"2016-08-12T21:58:44","guid":{"rendered":"http:\/\/www.anglista.edu.pl\/?page_id=2989"},"modified":"2016-08-13T00:50:31","modified_gmt":"2016-08-12T22:50:31","slug":"foreigner","status":"publish","type":"page","link":"https:\/\/www.anglista.edu.pl\/?page_id=2989","title":{"rendered":"Foreigner"},"content":{"rendered":"<p><em><strong>Chc\u0119 wiedzie\u0107, czym jest mi\u0142o\u015b\u0107 (I Wanna Know What Love Is)<\/strong><\/em><br \/>\nPotrzeba troch\u0119 czasu mi<br \/>\nAby przemy\u015ble\u0107 sobie wszystko<br \/>\nMi\u0119dzy wierszami znale\u017a\u0107 sens<br \/>\nMo\u017ce si\u0119 przyda to na przysz\u0142o\u015b\u0107<\/p>\n<p>Musz\u0119 wspi\u0105\u0107 si\u0119 na ten szczyt<br \/>\nTo ci\u0119\u017car nie do ud\u017awigni\u0119cia<br \/>\nLecz przez chmury s\u0142o\u0144ce l\u015bni<br \/>\nOtuchy daje cho\u0107 ch\u0142\u00f3d wok\u00f3\u0142<\/p>\n<p>W \u017cyciu mym\u00a0\u0142atwo nie by\u0142o, gdy\u017c<br \/>\nCi\u0119\u017cko mi stawia\u0107 temu ju\u017c si\u0119<br \/>\nZbyt daleko jestem, aby ju\u017c<br \/>\nSamotno\u015b\u0107 rzuci\u0107 precz<\/p>\n<p>Chc\u0119 wiedzie\u0107 czym jest mi\u0142o\u015b\u0107<br \/>\nWi\u0119c poka\u017c mi prosz\u0119<br \/>\nChc\u0119 poczu\u0107 czym jest mi\u0142o\u015b\u0107<br \/>\nWi\u0119c poka\u017c mi prosz\u0119<\/p>\n<p>Potrzeba troch\u0119 czasu mi<br \/>\nAby przemy\u015ble\u0107 sobie wszystko<br \/>\nNie mam dok\u0105d ju\u017c si\u0119 skry\u0107<br \/>\nDopad\u0142a mnie tu w ko\u0144cu mi\u0142o\u015b\u0107<\/p>\n<p>W \u017cyciu mym\u00a0nie by\u0142o \u0142atwo, gdy\u017c<br \/>\nCi\u0119\u017cko mi stawia\u0107 temu ju\u017c si\u0119<br \/>\nZbyt daleko jestem, aby ju\u017c<br \/>\nSamotno\u015b\u0107 rzuci\u0107 precz<\/p>\n<p>Chc\u0119 wiedzie\u0107 czym jest mi\u0142o\u015b\u0107<br \/>\nWi\u0119c poka\u017c mi prosz\u0119<br \/>\nChc\u0119 poczu\u0107 czym jest mi\u0142o\u015b\u0107<br \/>\nWi\u0119c poka\u017c mi prosz\u0119<\/p>\n<p>Je\u015bli nagrasz cover z moimi s\u0142owami po polsku, <a href=\"mailto:m.maly@yahoo.com\">ch\u0119tnie pos\u0142ucham<\/a> (to taki rodzaj licencji na wykorzystanie t\u0142umaczenia).<\/p>\n<div style=\"text-align: center;\"><iframe loading=\"lazy\" src=\"https:\/\/www.youtube.com\/embed\/loWXMtjUZWM\" width=\"640\" height=\"480\" frameborder=\"0\" allowfullscreen=\"allowfullscreen\"><\/iframe><\/div>\n","protected":false},"excerpt":{"rendered":"<p>Chc\u0119 wiedzie\u0107, czym jest mi\u0142o\u015b\u0107 (I Wanna Know What Love Is) Potrzeba troch\u0119 czasu mi Aby przemy\u015ble\u0107 sobie wszystko Mi\u0119dzy wierszami znale\u017a\u0107 sens Mo\u017ce si\u0119 przyda to na przysz\u0142o\u015b\u0107 Musz\u0119 wspi\u0105\u0107 si\u0119 na ten szczyt To ci\u0119\u017car nie do ud\u017awigni\u0119cia Lecz przez chmury s\u0142o\u0144ce l\u015bni Otuchy daje cho\u0107 ch\u0142\u00f3d wok\u00f3\u0142 W \u017cyciu mym\u00a0\u0142atwo nie by\u0142o,&hellip; <a class=\"more-link\" href=\"https:\/\/www.anglista.edu.pl\/?page_id=2989\">Czytaj dalej <span class=\"screen-reader-text\">Foreigner<\/span><\/a><\/p>\n","protected":false},"author":1,"featured_media":0,"parent":2889,"menu_order":0,"comment_status":"closed","ping_status":"closed","template":"","meta":{"_crdt_document":"","footnotes":""},"class_list":["post-2989","page","type-page","status-publish","hentry","entry"],"_links":{"self":[{"href":"https:\/\/www.anglista.edu.pl\/index.php?rest_route=\/wp\/v2\/pages\/2989","targetHints":{"allow":["GET"]}}],"collection":[{"href":"https:\/\/www.anglista.edu.pl\/index.php?rest_route=\/wp\/v2\/pages"}],"about":[{"href":"https:\/\/www.anglista.edu.pl\/index.php?rest_route=\/wp\/v2\/types\/page"}],"author":[{"embeddable":true,"href":"https:\/\/www.anglista.edu.pl\/index.php?rest_route=\/wp\/v2\/users\/1"}],"replies":[{"embeddable":true,"href":"https:\/\/www.anglista.edu.pl\/index.php?rest_route=%2Fwp%2Fv2%2Fcomments&post=2989"}],"version-history":[{"count":0,"href":"https:\/\/www.anglista.edu.pl\/index.php?rest_route=\/wp\/v2\/pages\/2989\/revisions"}],"up":[{"embeddable":true,"href":"https:\/\/www.anglista.edu.pl\/index.php?rest_route=\/wp\/v2\/pages\/2889"}],"wp:attachment":[{"href":"https:\/\/www.anglista.edu.pl\/index.php?rest_route=%2Fwp%2Fv2%2Fmedia&parent=2989"}],"curies":[{"name":"wp","href":"https:\/\/api.w.org\/{rel}","templated":true}]}}